{"id":51398,"date":"2025-04-29T09:03:10","date_gmt":"2025-04-29T09:03:10","guid":{"rendered":"https:\/\/www.dijizu.com\/what-we-offer\/"},"modified":"2025-04-29T09:03:11","modified_gmt":"2025-04-29T09:03:11","slug":"what-we-offer","status":"publish","type":"page","link":"https:\/\/www.dijizu.com\/en\/what-we-offer\/","title":{"rendered":"What We Offer"},"content":{"rendered":"<div class=\"wpb-content-wrapper\"><p><span style=\"vertical-align: inherit;\"><span style=\"vertical-align: inherit;\">[vc_row row_type=&#8221;sat\u0131r&#8221;][vc_column][vc_column_text css=&#8221;.vc_custom_1745915351826{margin-bottom: 60px !important;}&#8221;]<\/span><\/span><\/p>\n<h3 style=\"text-align: center;\">What We Offer<\/h3>\n<p>[\/vc_column_text][\/vc_column][\/vc_row][vc_row row_type=&#8221;row&#8221; use_row_as_full_screen_section=&#8221;no&#8221; type=&#8221;full_width&#8221; text_align=&#8221;left&#8221; css_animation=&#8221;&#8221; box_shadow_on_row=&#8221;no&#8221;][vc_column width=&#8221;1\/3&#8243;]<div class='q_icon_with_title  normal_icon center' ><div class=\"icon_holder \" style=\" \"><div class=\"icon_holder_inner\"><div class=\"custom_icon\"><img src=https:\/\/www.dijizu.com\/wp-content\/uploads\/2025\/04\/web-tasarim.png alt=\"\"><\/div><\/div><\/div><div class=\"icon_text_holder\"><div class=\"icon_title_inner_holder\"><h4 class=\"icon_title custom_icon_holder\" style=\"\">Web Design<\/h4><\/div><div class=\"icon_text_inner\" style=\"\"><p style=''>We craft tailor-made websites with a strong focus on user experience. Get in touch for modern and timeless UX &amp; UI design solutions.<\/p><\/div><\/div><\/div>[\/vc_column][vc_column width=&#8221;1\/3&#8243;]<div class='q_icon_with_title  normal_icon center' ><div class=\"icon_holder \" style=\" \"><div class=\"icon_holder_inner\"><div class=\"custom_icon\"><img src=https:\/\/www.dijizu.com\/wp-content\/uploads\/2025\/04\/Adsiz-tasarim-48.png alt=\"\"><\/div><\/div><\/div><div class=\"icon_text_holder\"><div class=\"icon_title_inner_holder\"><h4 class=\"icon_title custom_icon_holder\" style=\"\">E-Commerce Website<\/h4><\/div><div class=\"icon_text_inner\" style=\"\"><p style=''>We bring your brand to the digital storefront with sales-driven, mobile-responsive, and user-friendly e-commerce websites, elevating the customer experience to the highest level.<\/p><\/div><\/div><\/div>[\/vc_column][vc_column width=&#8221;1\/3&#8243;]<div class='q_icon_with_title  normal_icon center' ><div class=\"icon_holder \" style=\" \"><div class=\"icon_holder_inner\"><div class=\"custom_icon\"><img src=https:\/\/www.dijizu.com\/wp-content\/uploads\/2025\/04\/kurumsal-kimlik-tasarimi.png alt=\"\"><\/div><\/div><\/div><div class=\"icon_text_holder\"><div class=\"icon_title_inner_holder\"><h4 class=\"icon_title custom_icon_holder\" style=\"\">Corporate Identity Design<\/h4><\/div><div class=\"icon_text_inner\" style=\"\"><p style=''>We help you make a strong first impression on your target audience with a consistent and professional corporate identity design that reflects your brand&#039;s character. Contact us!<\/p><\/div><\/div><\/div>[\/vc_column][\/vc_row][vc_row row_type=&#8221;row&#8221; use_row_as_full_screen_section=&#8221;no&#8221; type=&#8221;full_width&#8221; text_align=&#8221;left&#8221; css_animation=&#8221;&#8221; box_shadow_on_row=&#8221;no&#8221;][vc_column width=&#8221;1\/3&#8243;]<div class='q_icon_with_title  normal_icon center' ><div class=\"icon_holder \" style=\" \"><div class=\"icon_holder_inner\"><div class=\"custom_icon\"><img src=https:\/\/www.dijizu.com\/wp-content\/uploads\/2025\/04\/sosyal-medya-yonetimi.png alt=\"\"><\/div><\/div><\/div><div class=\"icon_text_holder\"><div class=\"icon_title_inner_holder\"><h4 class=\"icon_title custom_icon_holder\" style=\"\">Social Media Management<\/h4><\/div><div class=\"icon_text_inner\" style=\"\"><p style=''>We understand your target audience and ensure your brand is not just visible but impactful on social media with tailored strategies.<\/p><\/div><\/div><\/div>[\/vc_column][vc_column width=&#8221;1\/3&#8243;]<div class='q_icon_with_title  normal_icon center' ><div class=\"icon_holder \" style=\" \"><div class=\"icon_holder_inner\"><div class=\"custom_icon\"><img src=https:\/\/www.dijizu.com\/wp-content\/uploads\/2025\/04\/Dijital-danismanlik.png alt=\"\"><\/div><\/div><\/div><div class=\"icon_text_holder\"><div class=\"icon_title_inner_holder\"><h4 class=\"icon_title custom_icon_holder\" style=\"\">Digital Consultancy<\/h4><\/div><div class=\"icon_text_inner\" style=\"\"><p style=''>The right strategy makes all the difference in the digital world. We accelerate your digital transformation by offering solutions tailored to your business goals.<\/p><\/div><\/div><\/div>[\/vc_column][vc_column width=&#8221;1\/3&#8243;]<div class='q_icon_with_title  normal_icon center' ><div class=\"icon_holder \" style=\" \"><div class=\"icon_holder_inner\"><div class=\"custom_icon\"><img src=https:\/\/www.dijizu.com\/wp-content\/uploads\/2025\/04\/Adsiz-tasarim-47.png alt=\"\"><\/div><\/div><\/div><div class=\"icon_text_holder\"><div class=\"icon_title_inner_holder\"><h4 class=\"icon_title custom_icon_holder\" style=\"\">Digital Marketing<\/h4><\/div><div class=\"icon_text_inner\" style=\"\"><p style=''>In digital marketing, there\u2019s no one-size-fits-all approach \u2014 we develop strategies tailored to your target audience and create measurable results that make a difference.<\/p><\/div><\/div><\/div>[\/vc_column][\/vc_row][vc_row row_type=&#8221;row&#8221; use_row_as_full_screen_section=&#8221;no&#8221; type=&#8221;full_width&#8221; text_align=&#8221;left&#8221; padding_top=&#8221;30&#8243; padding_bottom=&#8221;120&#8243; css_animation=&#8221;&#8221; box_shadow_on_row=&#8221;no&#8221;][vc_column][vc_column_text css=&#8221;.vc_custom_1745915662840{margin-top: 50px !important;}&#8221;]<\/p>\n<h4 style=\"text-align: center;\"><strong><em>Contact Us <\/em><\/strong><span style=\"color: #33cccc;\"><strong><em><a style=\"color: #33cccc;\" href=\"mailto:info@dijizu.com\">info@dijizu.com<\/a><\/em><\/strong><\/span><\/h4>\n<p><span style=\"vertical-align: inherit;\"><span style=\"vertical-align: inherit;\"><span style=\"vertical-align: inherit;\"><span style=\"vertical-align: inherit;\">[\/vc_column_text][\/vc_column][\/vc_row][vc_row row_type=&#8221;sat\u0131r&#8221; use_row_as_full_screen_section=&#8221;hay\u0131r&#8221; type=&#8221;tam_geni\u015flik&#8221; text_align=&#8221;left&#8221; css_animation=&#8221;&#8221; box_shadow_on_row=&#8221;hay\u0131r&#8221;][vc_column][vc_column_text]<\/span><\/span><\/span><\/span><span style=\"vertical-align: inherit;\"><span style=\"vertical-align: inherit;\"> [\/vc_column_text][\/vc_column][\/vc_row]<\/span><\/span><\/p>\n<\/div>","protected":false},"excerpt":{"rendered":"<p>[vc_row row_type=&#8221;sat\u0131r&#8221;][vc_column][vc_column_text css=&#8221;.vc_custom_1745915351826{margin-bottom: 60px !important;}&#8221;] What We Offer [\/vc_column_text][\/vc_column][\/vc_row][vc_row row_type=&#8221;row&#8221; use_row_as_full_screen_section=&#8221;no&#8221; type=&#8221;full_width&#8221; text_align=&#8221;left&#8221; css_animation=&#8221;&#8221; box_shadow_on_row=&#8221;no&#8221;][vc_column width=&#8221;1\/3&#8243;][\/vc_column][vc_column width=&#8221;1\/3&#8243;][\/vc_column][vc_column width=&#8221;1\/3&#8243;][\/vc_column][\/vc_row][vc_row row_type=&#8221;row&#8221; use_row_as_full_screen_section=&#8221;no&#8221; type=&#8221;full_width&#8221; text_align=&#8221;left&#8221; css_animation=&#8221;&#8221; box_shadow_on_row=&#8221;no&#8221;][vc_column width=&#8221;1\/3&#8243;][\/vc_column][vc_column width=&#8221;1\/3&#8243;][\/vc_column][vc_column width=&#8221;1\/3&#8243;][\/vc_column][\/vc_row][vc_row row_type=&#8221;row&#8221; use_row_as_full_screen_section=&#8221;no&#8221; type=&#8221;full_width&#8221; text_align=&#8221;left&#8221; padding_top=&#8221;30&#8243; padding_bottom=&#8221;120&#8243; css_animation=&#8221;&#8221; box_shadow_on_row=&#8221;no&#8221;][vc_column][vc_column_text css=&#8221;.vc_custom_1745915662840{margin-top: 50px !important;}&#8221;] Contact Us info@dijizu.com [\/vc_column_text][\/vc_column][\/vc_row][vc_row row_type=&#8221;sat\u0131r&#8221; use_row_as_full_screen_section=&#8221;hay\u0131r&#8221; type=&#8221;tam_geni\u015flik&#8221;&#8230;<\/p>\n","protected":false},"author":1,"featured_media":0,"parent":0,"menu_order":0,"comment_status":"closed","ping_status":"closed","template":"","meta":{"footnotes":""},"class_list":["post-51398","page","type-page","status-publish","hentry"],"yoast_head":"<!-- This site is optimized with the Yoast SEO plugin v27.2 - https:\/\/yoast.com\/product\/yoast-seo-wordpress\/ -->\n<title>What We Offer - Dijizu<\/title>\n<meta name=\"robots\" content=\"index, follow, max-snippet:-1, max-image-preview:large, max-video-preview:-1\" \/>\n<link rel=\"canonical\" href=\"https:\/\/www.dijizu.com\/en\/what-we-offer\/\" \/>\n<meta property=\"og:locale\" content=\"en_US\" \/>\n<meta property=\"og:type\" content=\"article\" \/>\n<meta property=\"og:title\" content=\"What We Offer - Dijizu\" \/>\n<meta property=\"og:description\" content=\"[vc_row row_type=&#8221;sat\u0131r&#8221;][vc_column][vc_column_text css=&#8221;.vc_custom_1745915351826{margin-bottom: 60px !important;}&#8221;] What We Offer [\/vc_column_text][\/vc_column][\/vc_row][vc_row row_type=&#8221;row&#8221; use_row_as_full_screen_section=&#8221;no&#8221; type=&#8221;full_width&#8221; text_align=&#8221;left&#8221; css_animation=&#8221;&#8221; box_shadow_on_row=&#8221;no&#8221;][vc_column width=&#8221;1\/3&#8243;][\/vc_column][vc_column width=&#8221;1\/3&#8243;][\/vc_column][vc_column width=&#8221;1\/3&#8243;][\/vc_column][\/vc_row][vc_row row_type=&#8221;row&#8221; use_row_as_full_screen_section=&#8221;no&#8221; type=&#8221;full_width&#8221; text_align=&#8221;left&#8221; css_animation=&#8221;&#8221; box_shadow_on_row=&#8221;no&#8221;][vc_column width=&#8221;1\/3&#8243;][\/vc_column][vc_column width=&#8221;1\/3&#8243;][\/vc_column][vc_column width=&#8221;1\/3&#8243;][\/vc_column][\/vc_row][vc_row row_type=&#8221;row&#8221; use_row_as_full_screen_section=&#8221;no&#8221; type=&#8221;full_width&#8221; text_align=&#8221;left&#8221; padding_top=&#8221;30&#8243; padding_bottom=&#8221;120&#8243; css_animation=&#8221;&#8221; box_shadow_on_row=&#8221;no&#8221;][vc_column][vc_column_text css=&#8221;.vc_custom_1745915662840{margin-top: 50px !important;}&#8221;] Contact Us info@dijizu.com [\/vc_column_text][\/vc_column][\/vc_row][vc_row row_type=&#8221;sat\u0131r&#8221; use_row_as_full_screen_section=&#8221;hay\u0131r&#8221; type=&#8221;tam_geni\u015flik&#8221;...\" \/>\n<meta property=\"og:url\" content=\"https:\/\/www.dijizu.com\/en\/what-we-offer\/\" \/>\n<meta property=\"og:site_name\" content=\"Dijizu\" \/>\n<meta property=\"article:modified_time\" content=\"2025-04-29T09:03:11+00:00\" \/>\n<meta name=\"twitter:card\" content=\"summary_large_image\" \/>\n<meta name=\"twitter:label1\" content=\"Est. reading time\" \/>\n\t<meta name=\"twitter:data1\" content=\"3 minutes\" \/>\n<script type=\"application\/ld+json\" class=\"yoast-schema-graph\">{\"@context\":\"https:\/\/schema.org\",\"@graph\":[{\"@type\":\"WebPage\",\"@id\":\"https:\/\/www.dijizu.com\/en\/what-we-offer\/\",\"url\":\"https:\/\/www.dijizu.com\/en\/what-we-offer\/\",\"name\":\"What We Offer - Dijizu\",\"isPartOf\":{\"@id\":\"https:\/\/www.dijizu.com\/#website\"},\"datePublished\":\"2025-04-29T09:03:10+00:00\",\"dateModified\":\"2025-04-29T09:03:11+00:00\",\"breadcrumb\":{\"@id\":\"https:\/\/www.dijizu.com\/en\/what-we-offer\/#breadcrumb\"},\"inLanguage\":\"en-US\",\"potentialAction\":[{\"@type\":\"ReadAction\",\"target\":[\"https:\/\/www.dijizu.com\/en\/what-we-offer\/\"]}]},{\"@type\":\"BreadcrumbList\",\"@id\":\"https:\/\/www.dijizu.com\/en\/what-we-offer\/#breadcrumb\",\"itemListElement\":[{\"@type\":\"ListItem\",\"position\":1,\"name\":\"Anasayfa\",\"item\":\"https:\/\/www.dijizu.com\/en\/\"},{\"@type\":\"ListItem\",\"position\":2,\"name\":\"What We Offer\"}]},{\"@type\":\"WebSite\",\"@id\":\"https:\/\/www.dijizu.com\/#website\",\"url\":\"https:\/\/www.dijizu.com\/\",\"name\":\"Dijizu\",\"description\":\"Your Digital Partner\",\"potentialAction\":[{\"@type\":\"SearchAction\",\"target\":{\"@type\":\"EntryPoint\",\"urlTemplate\":\"https:\/\/www.dijizu.com\/?s={search_term_string}\"},\"query-input\":{\"@type\":\"PropertyValueSpecification\",\"valueRequired\":true,\"valueName\":\"search_term_string\"}}],\"inLanguage\":\"en-US\"}]}<\/script>\n<!-- \/ Yoast SEO plugin. -->","yoast_head_json":{"title":"What We Offer - Dijizu","robots":{"index":"index","follow":"follow","max-snippet":"max-snippet:-1","max-image-preview":"max-image-preview:large","max-video-preview":"max-video-preview:-1"},"canonical":"https:\/\/www.dijizu.com\/en\/what-we-offer\/","og_locale":"en_US","og_type":"article","og_title":"What We Offer - Dijizu","og_description":"[vc_row row_type=&#8221;sat\u0131r&#8221;][vc_column][vc_column_text css=&#8221;.vc_custom_1745915351826{margin-bottom: 60px !important;}&#8221;] What We Offer [\/vc_column_text][\/vc_column][\/vc_row][vc_row row_type=&#8221;row&#8221; use_row_as_full_screen_section=&#8221;no&#8221; type=&#8221;full_width&#8221; text_align=&#8221;left&#8221; css_animation=&#8221;&#8221; box_shadow_on_row=&#8221;no&#8221;][vc_column width=&#8221;1\/3&#8243;][\/vc_column][vc_column width=&#8221;1\/3&#8243;][\/vc_column][vc_column width=&#8221;1\/3&#8243;][\/vc_column][\/vc_row][vc_row row_type=&#8221;row&#8221; use_row_as_full_screen_section=&#8221;no&#8221; type=&#8221;full_width&#8221; text_align=&#8221;left&#8221; css_animation=&#8221;&#8221; box_shadow_on_row=&#8221;no&#8221;][vc_column width=&#8221;1\/3&#8243;][\/vc_column][vc_column width=&#8221;1\/3&#8243;][\/vc_column][vc_column width=&#8221;1\/3&#8243;][\/vc_column][\/vc_row][vc_row row_type=&#8221;row&#8221; use_row_as_full_screen_section=&#8221;no&#8221; type=&#8221;full_width&#8221; text_align=&#8221;left&#8221; padding_top=&#8221;30&#8243; padding_bottom=&#8221;120&#8243; css_animation=&#8221;&#8221; box_shadow_on_row=&#8221;no&#8221;][vc_column][vc_column_text css=&#8221;.vc_custom_1745915662840{margin-top: 50px !important;}&#8221;] Contact Us info@dijizu.com [\/vc_column_text][\/vc_column][\/vc_row][vc_row row_type=&#8221;sat\u0131r&#8221; use_row_as_full_screen_section=&#8221;hay\u0131r&#8221; type=&#8221;tam_geni\u015flik&#8221;...","og_url":"https:\/\/www.dijizu.com\/en\/what-we-offer\/","og_site_name":"Dijizu","article_modified_time":"2025-04-29T09:03:11+00:00","twitter_card":"summary_large_image","twitter_misc":{"Est. reading time":"3 minutes"},"schema":{"@context":"https:\/\/schema.org","@graph":[{"@type":"WebPage","@id":"https:\/\/www.dijizu.com\/en\/what-we-offer\/","url":"https:\/\/www.dijizu.com\/en\/what-we-offer\/","name":"What We Offer - Dijizu","isPartOf":{"@id":"https:\/\/www.dijizu.com\/#website"},"datePublished":"2025-04-29T09:03:10+00:00","dateModified":"2025-04-29T09:03:11+00:00","breadcrumb":{"@id":"https:\/\/www.dijizu.com\/en\/what-we-offer\/#breadcrumb"},"inLanguage":"en-US","potentialAction":[{"@type":"ReadAction","target":["https:\/\/www.dijizu.com\/en\/what-we-offer\/"]}]},{"@type":"BreadcrumbList","@id":"https:\/\/www.dijizu.com\/en\/what-we-offer\/#breadcrumb","itemListElement":[{"@type":"ListItem","position":1,"name":"Anasayfa","item":"https:\/\/www.dijizu.com\/en\/"},{"@type":"ListItem","position":2,"name":"What We Offer"}]},{"@type":"WebSite","@id":"https:\/\/www.dijizu.com\/#website","url":"https:\/\/www.dijizu.com\/","name":"Dijizu","description":"Your Digital Partner","potentialAction":[{"@type":"SearchAction","target":{"@type":"EntryPoint","urlTemplate":"https:\/\/www.dijizu.com\/?s={search_term_string}"},"query-input":{"@type":"PropertyValueSpecification","valueRequired":true,"valueName":"search_term_string"}}],"inLanguage":"en-US"}]}},"_links":{"self":[{"href":"https:\/\/www.dijizu.com\/en\/wp-json\/wp\/v2\/pages\/51398","targetHints":{"allow":["GET"]}}],"collection":[{"href":"https:\/\/www.dijizu.com\/en\/wp-json\/wp\/v2\/pages"}],"about":[{"href":"https:\/\/www.dijizu.com\/en\/wp-json\/wp\/v2\/types\/page"}],"author":[{"embeddable":true,"href":"https:\/\/www.dijizu.com\/en\/wp-json\/wp\/v2\/users\/1"}],"replies":[{"embeddable":true,"href":"https:\/\/www.dijizu.com\/en\/wp-json\/wp\/v2\/comments?post=51398"}],"version-history":[{"count":2,"href":"https:\/\/www.dijizu.com\/en\/wp-json\/wp\/v2\/pages\/51398\/revisions"}],"predecessor-version":[{"id":51400,"href":"https:\/\/www.dijizu.com\/en\/wp-json\/wp\/v2\/pages\/51398\/revisions\/51400"}],"wp:attachment":[{"href":"https:\/\/www.dijizu.com\/en\/wp-json\/wp\/v2\/media?parent=51398"}],"curies":[{"name":"wp","href":"https:\/\/api.w.org\/{rel}","templated":true}]}}